{"id":23,"date":"2026-03-29T14:04:52","date_gmt":"2026-03-29T14:04:52","guid":{"rendered":"https:\/\/paulaskok.se\/?page_id=23"},"modified":"2026-04-10T10:43:09","modified_gmt":"2026-04-10T10:43:09","slug":"paulas-kok","status":"publish","type":"page","link":"https:\/\/paulaskok.se\/","title":{"rendered":"Paulas K\u00f6k"},"content":{"rendered":"\t\t<div data-elementor-type=\"wp-page\" data-elementor-id=\"23\" class=\"elementor elementor-23\" data-elementor-post-type=\"page\">\n\t\t\t\t<div class=\"elementor-element elementor-element-bdc1d1a e-flex e-con-boxed e-con e-parent\" data-id=\"bdc1d1a\" data-element_type=\"container\" data-e-type=\"container\" data-settings=\"{&quot;background_background&quot;:&quot;classic&quot;}\">\n\t\t\t\t\t<div class=\"e-con-inner\">\n\t\t<div class=\"elementor-element elementor-element-cb27a30 e-con-full e-flex e-con e-child\" data-id=\"cb27a30\" data-element_type=\"container\" data-e-type=\"container\">\n\t\t\t\t<div class=\"elementor-element elementor-element-97e758f elementor-widget elementor-widget-heading\" data-id=\"97e758f\" data-element_type=\"widget\" data-e-type=\"widget\" data-widget_type=\"heading.default\">\n\t\t\t\t\t<p class=\"elementor-heading-title elementor-size-default\">Avh\u00e4mtning &amp; Utk\u00f6rning \u00b7 Helsingborg<\/p>\t\t\t\t<\/div>\n\t\t\t\t<div class=\"elementor-element elementor-element-30dbdf5 elementor-widget elementor-widget-heading\" data-id=\"30dbdf5\" data-element_type=\"widget\" data-e-type=\"widget\" data-widget_type=\"heading.default\">\n\t\t\t\t\t<h1 class=\"elementor-heading-title elementor-size-default\">Paulas K\u00f6k<\/h1>\t\t\t\t<\/div>\n\t\t\t\t<div class=\"elementor-element elementor-element-5a57f27 elementor-widget elementor-widget-text-editor\" data-id=\"5a57f27\" data-element_type=\"widget\" data-e-type=\"widget\" data-widget_type=\"text-editor.default\">\n\t\t\t\t\t\t\t\t\t<p style='text-align: center; color: rgba(255,255,255,0.9); font-size: 18px;'>Hemlagad mat med k\u00e4rlek \u2014 noggrant utvalda r\u00e5varor och en stor portion omtanke i varje r\u00e4tt.<\/p>\t\t\t\t\t\t\t\t<\/div>\n\t\t\t\t<div class=\"elementor-element elementor-element-1227a9c elementor-align-center elementor-widget elementor-widget-button\" data-id=\"1227a9c\" data-element_type=\"widget\" data-e-type=\"widget\" data-widget_type=\"button.default\">\n\t\t\t\t\t\t\t\t\t\t<a class=\"elementor-button elementor-button-link elementor-size-sm\" href=\"#meny\">\n\t\t\t\t\t\t<span class=\"elementor-button-content-wrapper\">\n\t\t\t\t\t\t\t\t\t<span class=\"elementor-button-text\">Veckans lunchmeny<\/span>\n\t\t\t\t\t<\/span>\n\t\t\t\t\t<\/a>\n\t\t\t\t\t\t\t\t<\/div>\n\t\t\t\t<\/div>\n\t\t\t\t\t<\/div>\n\t\t\t\t<\/div>\n\t\t<div class=\"elementor-element elementor-element-4713d5f e-flex e-con-boxed e-con e-parent\" data-id=\"4713d5f\" data-element_type=\"container\" data-e-type=\"container\" id=\"om-oss\" data-settings=\"{&quot;background_background&quot;:&quot;classic&quot;}\">\n\t\t\t\t\t<div class=\"e-con-inner\">\n\t\t\t\t<div class=\"elementor-element elementor-element-864ed83 elementor-view-default elementor-widget elementor-widget-icon\" data-id=\"864ed83\" data-element_type=\"widget\" data-e-type=\"widget\" data-widget_type=\"icon.default\">\n\t\t\t\t\t\t\t<div class=\"elementor-icon-wrapper\">\n\t\t\t<div class=\"elementor-icon\">\n\t\t\t<svg xmlns=\"http:\/\/www.w3.org\/2000\/svg\" width=\"24\" height=\"24\" viewBox=\"0 0 24 24\" fill=\"none\" stroke=\"currentColor\" stroke-width=\"2\" stroke-linecap=\"round\" stroke-linejoin=\"round\" class=\"lucide lucide-heart-icon lucide-heart\"><path d=\"M2 9.5a5.5 5.5 0 0 1 9.591-3.676.56.56 0 0 0 .818 0A5.49 5.49 0 0 1 22 9.5c0 2.29-1.5 4-3 5.5l-5.492 5.313a2 2 0 0 1-3 .019L5 15c-1.5-1.5-3-3.2-3-5.5\"><\/path><\/svg>\t\t\t<\/div>\n\t\t<\/div>\n\t\t\t\t\t\t<\/div>\n\t\t<div class=\"elementor-element elementor-element-6fc2a26 e-con-full e-flex e-con e-child\" data-id=\"6fc2a26\" data-element_type=\"container\" data-e-type=\"container\">\n\t\t<div class=\"elementor-element elementor-element-8f14979 e-con-full e-flex e-con e-child\" data-id=\"8f14979\" data-element_type=\"container\" data-e-type=\"container\">\n\t\t\t\t<div class=\"elementor-element elementor-element-b18e3e0 elementor-widget elementor-widget-heading\" data-id=\"b18e3e0\" data-element_type=\"widget\" data-e-type=\"widget\" data-widget_type=\"heading.default\">\n\t\t\t\t\t<h2 class=\"elementor-heading-title elementor-size-default\">Om Paulas k\u00f6k<\/h2>\t\t\t\t<\/div>\n\t\t\t\t<div class=\"elementor-element elementor-element-cd015db elementor-widget elementor-widget-text-editor\" data-id=\"cd015db\" data-element_type=\"widget\" data-e-type=\"widget\" data-widget_type=\"text-editor.default\">\n\t\t\t\t\t\t\t\t\t<p>Hos Paulas K\u00f6k m\u00f6ts du av k\u00e4rlek till mat, v\u00e4rme och genuin hemlagad smak.<\/p><p>F\u00f6r mig \u00e4r matlagning mer \u00e4n bara ett arbete \u2014 det \u00e4r en passion som fyller hj\u00e4rtat och ger gl\u00e4dje i varje r\u00e4tt jag skapar. N\u00e4r jag st\u00e5r i k\u00f6ket f\u00f6rsvinner resten av v\u00e4rlden, och allt fokus ligger p\u00e5 att laga mat som b\u00e5de smakar gott och k\u00e4nns bra.<\/p><p>H\u00e4r lagar vi mat fr\u00e5n grunden med noggrant utvalda r\u00e5varor och en stor portion omtanke. Varje matl\u00e5da \u00e4r tillagad som om den vore till n\u00e5gon jag bryr mig om \u2014 f\u00f6r det g\u00f6r jag.<\/p><p>&#8221;Min dr\u00f6m \u00e4r att sprida gl\u00e4dje genom maten och s\u00e4tta ett leende p\u00e5 varje kunds ansikte.&#8221;<\/p>\t\t\t\t\t\t\t\t<\/div>\n\t\t\t\t<\/div>\n\t\t<div class=\"elementor-element elementor-element-0ac0437 e-con-full e-flex e-con e-child\" data-id=\"0ac0437\" data-element_type=\"container\" data-e-type=\"container\" data-settings=\"{&quot;background_background&quot;:&quot;classic&quot;}\">\n\t\t\t\t<div class=\"elementor-element elementor-element-33caa19 elementor-widget elementor-widget-image\" data-id=\"33caa19\" data-element_type=\"widget\" data-e-type=\"widget\" data-widget_type=\"image.default\">\n\t\t\t\t\t\t\t\t\t\t\t\t\t\t\t<img fetchpriority=\"high\" decoding=\"async\" width=\"800\" height=\"827\" src=\"https:\/\/paulaskok.se\/wp-content\/uploads\/2026\/04\/Paula-991x1024.jpg\" class=\"attachment-large size-large wp-image-214\" alt=\"\" srcset=\"https:\/\/paulaskok.se\/wp-content\/uploads\/2026\/04\/Paula-991x1024.jpg 991w, https:\/\/paulaskok.se\/wp-content\/uploads\/2026\/04\/Paula-290x300.jpg 290w, https:\/\/paulaskok.se\/wp-content\/uploads\/2026\/04\/Paula-768x793.jpg 768w, https:\/\/paulaskok.se\/wp-content\/uploads\/2026\/04\/Paula-1487x1536.jpg 1487w, https:\/\/paulaskok.se\/wp-content\/uploads\/2026\/04\/Paula-1982x2048.jpg 1982w\" sizes=\"(max-width: 800px) 100vw, 800px\" \/>\t\t\t\t\t\t\t\t\t\t\t\t\t\t\t<\/div>\n\t\t\t\t<\/div>\n\t\t\t\t<\/div>\n\t\t\t\t\t<\/div>\n\t\t\t\t<\/div>\n\t\t<div class=\"elementor-element elementor-element-e80a3c7 e-flex e-con-boxed e-con e-parent\" data-id=\"e80a3c7\" data-element_type=\"container\" data-e-type=\"container\" id=\"hitta-oss\" data-settings=\"{&quot;background_background&quot;:&quot;classic&quot;}\">\n\t\t\t\t\t<div class=\"e-con-inner\">\n\t\t\t\t<div class=\"elementor-element elementor-element-2700dd7 elementor-widget elementor-widget-heading\" data-id=\"2700dd7\" data-element_type=\"widget\" data-e-type=\"widget\" data-widget_type=\"heading.default\">\n\t\t\t\t\t<h2 class=\"elementor-heading-title elementor-size-default\">V\u00e5ra sociala medier<\/h2>\t\t\t\t<\/div>\n\t\t<div class=\"elementor-element elementor-element-abde481 e-grid e-con-full e-con e-child\" data-id=\"abde481\" data-element_type=\"container\" data-e-type=\"container\" data-settings=\"{&quot;background_background&quot;:&quot;classic&quot;}\">\n\t\t\t\t<div class=\"elementor-element elementor-element-e25089e e-con e-atomic-element e-div-block-base\" data-id=\"e25089e\" data-element_type=\"e-div-block\" data-e-type=\"e-div-block\" data-interaction-id=\"e25089e\" data-e-type=\"e-div-block\" data-id=\"e25089e\">\n\t\t\t\t\t\t\t\n\t\t\t<a\n\t\t\t\t\t\thref=\"https:\/\/www.instagram.com\/paulas_kok\/\"\n\t\t\tclass=\"e-image-link-base\"\n\t\t\ttarget=\"_blank\"\n\t\t\tdata-interaction-id=\"d8703b9\"\n\t\t>\n\t\t<img class=\"e-image-base \" \n\t\t \n\t\t data-e-type=\"widget\" data-id=\"d8703b9\"\n\t\t\t\t\t\t\t\t\tid=\"242\"\n\t\t\t\t\t\t\t\t\t\t\t\tsrc=\"https:\/\/paulaskok.se\/wp-content\/uploads\/2026\/04\/insta2.png\"\n\t\t\t\t\t\t\t\t\t\t\t\twidth=\"500\"\n\t\t\t\t\t\t\t\t\t\t\t\theight=\"500\"\n\t\t\t\t\t\t\t\t\t\t\t\tsrcset=\"https:\/\/paulaskok.se\/wp-content\/uploads\/2026\/04\/insta2.png 500w, https:\/\/paulaskok.se\/wp-content\/uploads\/2026\/04\/insta2-300x300.png 300w, https:\/\/paulaskok.se\/wp-content\/uploads\/2026\/04\/insta2-150x150.png 150w\"\n\t\t\t\t\t\t\t\t\t\t\t\talt=\"\"\n\t\t\t\t\t\t\/>\n\t\t\t<\/a>\n\t\t\t\t\t<div class=\"elementor-element elementor-element-417615a elementor-widget elementor-widget-heading\" data-id=\"417615a\" data-element_type=\"widget\" data-e-type=\"widget\" data-widget_type=\"heading.default\">\n\t\t\t\t\t<h4 class=\"elementor-heading-title elementor-size-default\">F\u00f6lj oss p\u00e5 Instagram<\/h4>\t\t\t\t<\/div>\n\t\t\t\t<\/div>\n\t\t\t\t<div class=\"elementor-element elementor-element-0f51c0f e-con e-atomic-element e-div-block-base\" data-id=\"0f51c0f\" data-element_type=\"e-div-block\" data-e-type=\"e-div-block\" data-interaction-id=\"0f51c0f\" data-e-type=\"e-div-block\" data-id=\"0f51c0f\">\n\t\t\t\t\t\t\t\n\t\t\t<a\n\t\t\t\t\t\thref=\"https:\/\/www.facebook.com\/groups\/914632079345619\/?locale=sv_SE\"\n\t\t\tclass=\"e-image-link-base\"\n\t\t\ttarget=\"_blank\"\n\t\t\tdata-interaction-id=\"ddf9934\"\n\t\t>\n\t\t<img class=\"e-image-base \" \n\t\t \n\t\t data-e-type=\"widget\" data-id=\"ddf9934\"\n\t\t\t\t\t\t\t\t\tid=\"244\"\n\t\t\t\t\t\t\t\t\t\t\t\tsrc=\"https:\/\/paulaskok.se\/wp-content\/uploads\/2026\/04\/fb2.png\"\n\t\t\t\t\t\t\t\t\t\t\t\twidth=\"500\"\n\t\t\t\t\t\t\t\t\t\t\t\theight=\"500\"\n\t\t\t\t\t\t\t\t\t\t\t\tsrcset=\"https:\/\/paulaskok.se\/wp-content\/uploads\/2026\/04\/fb2.png 500w, https:\/\/paulaskok.se\/wp-content\/uploads\/2026\/04\/fb2-300x300.png 300w, https:\/\/paulaskok.se\/wp-content\/uploads\/2026\/04\/fb2-150x150.png 150w\"\n\t\t\t\t\t\t\t\t\t\t\t\talt=\"\"\n\t\t\t\t\t\t\/>\n\t\t\t<\/a>\n\t\t\t\t\t<div class=\"elementor-element elementor-element-55869fd elementor-widget elementor-widget-heading\" data-id=\"55869fd\" data-element_type=\"widget\" data-e-type=\"widget\" data-widget_type=\"heading.default\">\n\t\t\t\t\t<h4 class=\"elementor-heading-title elementor-size-default\">F\u00f6lj oss p\u00e5 Facebook<\/h4>\t\t\t\t<\/div>\n\t\t\t\t<\/div>\n\t\t\t\t<div class=\"elementor-element elementor-element-f1ba8f6 e-con e-atomic-element e-div-block-base\" data-id=\"f1ba8f6\" data-element_type=\"e-div-block\" data-e-type=\"e-div-block\" data-interaction-id=\"f1ba8f6\" data-e-type=\"e-div-block\" data-id=\"f1ba8f6\">\n\t\t\t\t\t\t\t\n\t\t\t<a\n\t\t\t\t\t\thref=\"https:\/\/www.youtube.com\/@paulaskok8505\/\"\n\t\t\tclass=\"e-image-link-base\"\n\t\t\ttarget=\"_blank\"\n\t\t\tdata-interaction-id=\"b88be3e\"\n\t\t>\n\t\t<img class=\"e-image-base \" \n\t\t \n\t\t data-e-type=\"widget\" data-id=\"b88be3e\"\n\t\t\t\t\t\t\t\t\tid=\"243\"\n\t\t\t\t\t\t\t\t\t\t\t\tsrc=\"https:\/\/paulaskok.se\/wp-content\/uploads\/2026\/04\/yt2.png\"\n\t\t\t\t\t\t\t\t\t\t\t\twidth=\"500\"\n\t\t\t\t\t\t\t\t\t\t\t\theight=\"500\"\n\t\t\t\t\t\t\t\t\t\t\t\tsrcset=\"https:\/\/paulaskok.se\/wp-content\/uploads\/2026\/04\/yt2.png 500w, https:\/\/paulaskok.se\/wp-content\/uploads\/2026\/04\/yt2-300x300.png 300w, https:\/\/paulaskok.se\/wp-content\/uploads\/2026\/04\/yt2-150x150.png 150w\"\n\t\t\t\t\t\t\t\t\t\t\t\talt=\"\"\n\t\t\t\t\t\t\/>\n\t\t\t<\/a>\n\t\t\t\t\t<div class=\"elementor-element elementor-element-7d042cf elementor-widget elementor-widget-heading\" data-id=\"7d042cf\" data-element_type=\"widget\" data-e-type=\"widget\" data-widget_type=\"heading.default\">\n\t\t\t\t\t<h4 class=\"elementor-heading-title elementor-size-default\">Prenumerera p\u00e5 v\u00e5r Youtubekanal<\/h4>\t\t\t\t<\/div>\n\t\t\t\t<\/div>\n\t\t\t\t<\/div>\n\t\t\t\t\t<\/div>\n\t\t\t\t<\/div>\n\t\t<div class=\"elementor-element elementor-element-15f8338 e-flex e-con-boxed e-con e-parent\" data-id=\"15f8338\" data-element_type=\"container\" data-e-type=\"container\" id=\"kontakta-oss\" data-settings=\"{&quot;background_background&quot;:&quot;classic&quot;}\">\n\t\t\t\t\t<div class=\"e-con-inner\">\n\t\t\t\t<div class=\"elementor-element elementor-element-e5af3b0 elementor-widget elementor-widget-menu-anchor\" data-id=\"e5af3b0\" data-element_type=\"widget\" data-e-type=\"widget\" data-widget_type=\"menu-anchor.default\">\n\t\t\t\t\t\t\t<div class=\"elementor-menu-anchor\" id=\"kontakta-oss\"><\/div>\n\t\t\t\t\t\t<\/div>\n\t\t<div class=\"elementor-element elementor-element-bfb0a40 e-con-full e-flex e-con e-child\" data-id=\"bfb0a40\" data-element_type=\"container\" data-e-type=\"container\">\n\t\t\t\t\t\n<hr class=\"e-3d1d14e-a9b7a04 e-divider-base\" data-interaction-id=\"3d1d14e\"  data-e-type=\"widget\" data-id=\"3d1d14e\" \/>\n\t\t\t\t\t\t\t<h2 \n\t\tdata-interaction-id=\"b0ada19\" \n\t\tclass=\"e-b0ada19-54a430c e-heading-base\" \n\t\t \n\t\tdata-e-type=\"widget\" data-id=\"b0ada19\"\n\t>\n\t\n\t\t\tKontakta oss\n\t\t<\/h2>\n\t\t\t\t\t\t\t\t<p class=\"e-397df39-b78f642 e-paragraph-base\" data-interaction-id=\"397df39\"  data-e-type=\"widget\" data-id=\"397df39\">\n\t\t\t\t\t\t\t\tOavsett om du vill best\u00e4lla, fr\u00e5ga om menyn eller bara s\u00e4ga hej \u2014 h\u00f6r av dig!\n\t\t\t\t\t<\/p>\n\t\t<div class=\"elementor-element elementor-element-3024a08 e-grid e-con-full e-con e-child\" data-id=\"3024a08\" data-element_type=\"container\" data-e-type=\"container\" data-settings=\"{&quot;background_background&quot;:&quot;classic&quot;}\">\n\t\t\t\t<div class=\"elementor-element elementor-element-3be3224 elementor-view-default elementor-position-block-start elementor-mobile-position-block-start elementor-widget elementor-widget-icon-box\" data-id=\"3be3224\" data-element_type=\"widget\" data-e-type=\"widget\" data-widget_type=\"icon-box.default\">\n\t\t\t\t\t\t\t<div class=\"elementor-icon-box-wrapper\">\n\n\t\t\t\t\t\t<div class=\"elementor-icon-box-icon\">\n\t\t\t\t<span  class=\"elementor-icon\">\n\t\t\t\t<svg xmlns=\"http:\/\/www.w3.org\/2000\/svg\" width=\"24\" height=\"24\" viewBox=\"0 0 24 24\" fill=\"none\" stroke=\"currentColor\" stroke-width=\"2\" stroke-linecap=\"round\" stroke-linejoin=\"round\" class=\"lucide lucide-map-pin-icon lucide-map-pin\"><path d=\"M20 10c0 4.993-5.539 10.193-7.399 11.799a1 1 0 0 1-1.202 0C9.539 20.193 4 14.993 4 10a8 8 0 0 1 16 0\"><\/path><circle cx=\"12\" cy=\"10\" r=\"3\"><\/circle><\/svg>\t\t\t\t<\/span>\n\t\t\t<\/div>\n\t\t\t\n\t\t\t\t\t\t<div class=\"elementor-icon-box-content\">\n\n\t\t\t\t\t\t\t\t\t<h3 class=\"elementor-icon-box-title\">\n\t\t\t\t\t\t<span  >\n\t\t\t\t\t\t\tHitta hit\t\t\t\t\t\t<\/span>\n\t\t\t\t\t<\/h3>\n\t\t\t\t\n\t\t\t\t\t\t\t\t\t<p class=\"elementor-icon-box-description\">\n\t\t\t\t\t\tStrax utanf\u00f6r Helsingborg\n<br>Avh\u00e4mtning &amp; utk\u00f6rning\t\t\t\t\t<\/p>\n\t\t\t\t\n\t\t\t<\/div>\n\t\t\t\n\t\t<\/div>\n\t\t\t\t\t\t<\/div>\n\t\t\t\t<div class=\"elementor-element elementor-element-414e16f elementor-view-default elementor-position-block-start elementor-mobile-position-block-start elementor-widget elementor-widget-icon-box\" data-id=\"414e16f\" data-element_type=\"widget\" data-e-type=\"widget\" data-widget_type=\"icon-box.default\">\n\t\t\t\t\t\t\t<div class=\"elementor-icon-box-wrapper\">\n\n\t\t\t\t\t\t<div class=\"elementor-icon-box-icon\">\n\t\t\t\t<span  class=\"elementor-icon\">\n\t\t\t\t<svg xmlns=\"http:\/\/www.w3.org\/2000\/svg\" width=\"24\" height=\"24\" viewBox=\"0 0 24 24\" fill=\"none\" stroke=\"currentColor\" stroke-width=\"2\" stroke-linecap=\"round\" stroke-linejoin=\"round\" class=\"lucide lucide-phone-icon lucide-phone\"><path d=\"M13.832 16.568a1 1 0 0 0 1.213-.303l.355-.465A2 2 0 0 1 17 15h3a2 2 0 0 1 2 2v3a2 2 0 0 1-2 2A18 18 0 0 1 2 4a2 2 0 0 1 2-2h3a2 2 0 0 1 2 2v3a2 2 0 0 1-.8 1.6l-.468.351a1 1 0 0 0-.292 1.233 14 14 0 0 0 6.392 6.384\"><\/path><\/svg>\t\t\t\t<\/span>\n\t\t\t<\/div>\n\t\t\t\n\t\t\t\t\t\t<div class=\"elementor-icon-box-content\">\n\n\t\t\t\t\t\t\t\t\t<h3 class=\"elementor-icon-box-title\">\n\t\t\t\t\t\t<span  >\n\t\t\t\t\t\t\tKontakt\t\t\t\t\t\t<\/span>\n\t\t\t\t\t<\/h3>\n\t\t\t\t\n\t\t\t\t\t\t\t\t\t<p class=\"elementor-icon-box-description\">\n\t\t\t\t\t\tinfo@paulaskok.se\n<br>F\u00f6lj oss p\u00e5 sociala medier\t\t\t\t\t<\/p>\n\t\t\t\t\n\t\t\t<\/div>\n\t\t\t\n\t\t<\/div>\n\t\t\t\t\t\t<\/div>\n\t\t\t\t<div class=\"elementor-element elementor-element-a95c851 elementor-view-default elementor-position-block-start elementor-mobile-position-block-start elementor-widget elementor-widget-icon-box\" data-id=\"a95c851\" data-element_type=\"widget\" data-e-type=\"widget\" data-widget_type=\"icon-box.default\">\n\t\t\t\t\t\t\t<div class=\"elementor-icon-box-wrapper\">\n\n\t\t\t\t\t\t<div class=\"elementor-icon-box-icon\">\n\t\t\t\t<span  class=\"elementor-icon\">\n\t\t\t\t<svg xmlns=\"http:\/\/www.w3.org\/2000\/svg\" width=\"24\" height=\"24\" viewBox=\"0 0 24 24\" fill=\"none\" stroke=\"currentColor\" stroke-width=\"2\" stroke-linecap=\"round\" stroke-linejoin=\"round\" class=\"lucide lucide-clock4-icon lucide-clock-4\"><circle cx=\"12\" cy=\"12\" r=\"10\"><\/circle><path d=\"M12 6v6l4 2\"><\/path><\/svg>\t\t\t\t<\/span>\n\t\t\t<\/div>\n\t\t\t\n\t\t\t\t\t\t<div class=\"elementor-icon-box-content\">\n\n\t\t\t\t\t\t\t\t\t<h3 class=\"elementor-icon-box-title\">\n\t\t\t\t\t\t<span  >\n\t\t\t\t\t\t\t\u00d6ppettider\t\t\t\t\t\t<\/span>\n\t\t\t\t\t<\/h3>\n\t\t\t\t\n\t\t\t\t\t\t\t\t\t<p class=\"elementor-icon-box-description\">\n\t\t\t\t\t\tM\u00e5n\u2013Fre: 10:00\u201314:00\n<br>L\u00f6r\u2013S\u00f6n: St\u00e4ngt\t\t\t\t\t<\/p>\n\t\t\t\t\n\t\t\t<\/div>\n\t\t\t\n\t\t<\/div>\n\t\t\t\t\t\t<\/div>\n\t\t\t\t<\/div>\n\t\t\t\t<\/div>\n\t\t\t\t\t<\/div>\n\t\t\t\t<\/div>\n\t\t\t\t<\/div>\n\t\t","protected":false},"excerpt":{"rendered":"<p>Avh\u00e4mtning &amp; Utk\u00f6rning \u00b7 Helsingborg Paulas K\u00f6k Hemlagad mat med k\u00e4rlek \u2014 noggrant utvalda r\u00e5varor och en stor portion omtanke i varje r\u00e4tt. Veckans lunchmeny Om Paulas k\u00f6k Hos Paulas K\u00f6k m\u00f6ts du av k\u00e4rlek till mat, v\u00e4rme och genuin hemlagad smak. F\u00f6r mig \u00e4r matlagning mer \u00e4n bara ett arbete \u2014 det \u00e4r en [&hellip;]<\/p>\n","protected":false},"author":1,"featured_media":0,"parent":0,"menu_order":0,"comment_status":"closed","ping_status":"closed","template":"elementor_header_footer","meta":{"footnotes":""},"class_list":["post-23","page","type-page","status-publish","hentry"],"_links":{"self":[{"href":"https:\/\/paulaskok.se\/index.php\/wp-json\/wp\/v2\/pages\/23","targetHints":{"allow":["GET"]}}],"collection":[{"href":"https:\/\/paulaskok.se\/index.php\/wp-json\/wp\/v2\/pages"}],"about":[{"href":"https:\/\/paulaskok.se\/index.php\/wp-json\/wp\/v2\/types\/page"}],"author":[{"embeddable":true,"href":"https:\/\/paulaskok.se\/index.php\/wp-json\/wp\/v2\/users\/1"}],"replies":[{"embeddable":true,"href":"https:\/\/paulaskok.se\/index.php\/wp-json\/wp\/v2\/comments?post=23"}],"version-history":[{"count":116,"href":"https:\/\/paulaskok.se\/index.php\/wp-json\/wp\/v2\/pages\/23\/revisions"}],"predecessor-version":[{"id":247,"href":"https:\/\/paulaskok.se\/index.php\/wp-json\/wp\/v2\/pages\/23\/revisions\/247"}],"wp:attachment":[{"href":"https:\/\/paulaskok.se\/index.php\/wp-json\/wp\/v2\/media?parent=23"}],"curies":[{"name":"wp","href":"https:\/\/api.w.org\/{rel}","templated":true}]}}